{"id":1423,"date":"2025-05-01T08:16:34","date_gmt":"2025-05-01T08:16:34","guid":{"rendered":"https:\/\/revalia.rent\/kontakt\/"},"modified":"2025-05-25T06:28:59","modified_gmt":"2025-05-25T06:28:59","slug":"yhteystiedot","status":"publish","type":"page","link":"https:\/\/revalia.rent\/fi\/yhteystiedot\/","title":{"rendered":"Yhteystiedot"},"content":{"rendered":"\n<div class=\"wp-block-cover alignfull is-light\"><img loading=\"lazy\" decoding=\"async\" width=\"1024\" height=\"683\" class=\"wp-block-cover__image-background wp-image-369 size-large\" alt=\"\" src=\"https:\/\/revalia.rent\/wp-content\/uploads\/2025\/04\/Revalia_Premium_Vektor_Residents12-1024x683.jpg\" data-object-fit=\"cover\" srcset=\"https:\/\/revalia.rent\/wp-content\/uploads\/2025\/04\/Revalia_Premium_Vektor_Residents12-1024x683.jpg 1024w, https:\/\/revalia.rent\/wp-content\/uploads\/2025\/04\/Revalia_Premium_Vektor_Residents12-300x200.jpg 300w, https:\/\/revalia.rent\/wp-content\/uploads\/2025\/04\/Revalia_Premium_Vektor_Residents12-768x512.jpg 768w, https:\/\/revalia.rent\/wp-content\/uploads\/2025\/04\/Revalia_Premium_Vektor_Residents12-1536x1024.jpg 1536w, https:\/\/revalia.rent\/wp-content\/uploads\/2025\/04\/Revalia_Premium_Vektor_Residents12-2048x1365.jpg 2048w, https:\/\/revalia.rent\/wp-content\/uploads\/2025\/04\/Revalia_Premium_Vektor_Residents12-1568x1045.jpg 1568w\" sizes=\"auto, (max-width: 1024px) 100vw, 1024px\" \/><span aria-hidden=\"true\" class=\"wp-block-cover__background has-background-dim-20 has-background-dim\" style=\"background-color:#adaab9\"><\/span><div class=\"wp-block-cover__inner-container is-layout-flow wp-block-cover-is-layout-flow\">\n<p class=\"has-text-align-center has-large-font-size\"><\/p>\n<\/div><\/div>\n\n\n\n<div style=\"height:10px\" aria-hidden=\"true\" class=\"wp-block-spacer\"><\/div>\n\n\n\n<div class=\"wp-block-columns are-vertically-aligned-center is-layout-flex wp-container-core-columns-is-layout-863521bf wp-block-columns-is-layout-flex\" style=\"padding-top:var(--wp--preset--spacing--20);padding-right:var(--wp--preset--spacing--20);padding-bottom:var(--wp--preset--spacing--20);padding-left:var(--wp--preset--spacing--20)\">\n<div class=\"wp-block-column is-vertically-aligned-center radius50ja10 has-text-color has-background has-link-color wp-elements-9f755d26671e06a508aeb06cb6cabef4 is-layout-flow wp-block-column-is-layout-flow\" style=\"color:#1d3c34;background-color:#faf8f5\">\n<div style=\"height:0px\" aria-hidden=\"true\" class=\"wp-block-spacer\"><\/div>\n\n\n\n<h2 class=\"wp-block-heading has-text-align-center has-large-font-size\"><span style=\"text-decoration: underline;\">Revalia Premium Residenssit<\/span><\/h2>\n\n\n\n<p class=\"has-text-align-center\" style=\"font-size:24px\"><strong>Ota meihin yhteytt\u00e4 tai varaa suoraan kotisivuiltamme<\/strong><\/p>\n\n\n\n<div style=\"height:10px\" aria-hidden=\"true\" class=\"wp-block-spacer\"><\/div>\n\n\n\n<p class=\"has-text-align-center font22\" style=\"font-size:30px\">S\u00e4hk\u00f6posti: <a href=\"mailto:info@revalia.eu\">info@revalia.eu<\/a><\/p>\n\n\n\n<p class=\"has-text-align-center font22\" style=\"font-size:30px\">Puhelin: <a href=\"tel:3725028334\">+372 502 8334<\/a><\/p>\n\n\n\n<div style=\"height:10px\" aria-hidden=\"true\" class=\"wp-block-spacer\"><\/div>\n\n\n\n<div style=\"height:10px\" aria-hidden=\"true\" class=\"wp-block-spacer\"><\/div>\n\n\n\n<div style=\"height:5px\" aria-hidden=\"true\" class=\"wp-block-spacer\"><\/div>\n<\/div>\n<\/div>\n\n\n\n<div class=\"wp-block-columns are-vertically-aligned-center is-layout-flex wp-container-core-columns-is-layout-863521bf wp-block-columns-is-layout-flex\" style=\"padding-top:var(--wp--preset--spacing--20);padding-right:var(--wp--preset--spacing--20);padding-bottom:var(--wp--preset--spacing--20);padding-left:var(--wp--preset--spacing--20)\">\n<div class=\"wp-block-column is-vertically-aligned-center radius50ja10 has-text-color has-background has-link-color wp-elements-fbb398ba6e5229ab04c83b1d4038686d is-layout-flow wp-block-column-is-layout-flow\" style=\"color:#1d3c34;background-color:#faf8f5\">\n<div style=\"height:0px\" aria-hidden=\"true\" class=\"wp-block-spacer\"><\/div>\n\n\n\n<h2 class=\"wp-block-heading has-text-align-center has-large-font-size\"><strong><strong>Yritystoiminnan ja innovaation tuki<\/strong><\/strong><\/h2>\n\n\n\n<p class=\"has-text-align-center\" style=\"font-size:16px\"><strong>Projektin nimi: Revalia Premium -hallintaj\u00e4rjestelm\u00e4n digitalisointi<\/strong><\/p>\n\n\n\n<p class=\"has-text-align-center\" style=\"font-size:14px\"><strong>Revalia Premium (TAB Development O\u00dc) haki vuonna 2025 Matkailualan ohjelmistojen yhdist\u00e4mis- ja integrointituen (2025\u20132027) pilvipohjaisen hallintaj\u00e4rjestelm\u00e4n k\u00e4ytt\u00f6\u00f6nottoon.<\/strong><br>Hankkeen tavoitteena on yhdist\u00e4\u00e4 kaikki varaukset yhteen verkkopohjaiseen j\u00e4rjestelm\u00e4\u00e4n, v\u00e4hent\u00e4\u00e4 manuaalista ty\u00f6t\u00e4 ja parantaa asiakaskokemusta automaattisten vahvistusten, muistutusten ja reaaliaikaisten n\u00e4kymien avulla. Projekti tukee matkailupalvelujen digitalisointia, mink\u00e4 tuloksena Revalia Premium siirtyi k\u00e4ytt\u00e4m\u00e4\u00e4n modernia, verkko- ja mobiiliyst\u00e4v\u00e4llist\u00e4 hallintaj\u00e4rjestelm\u00e4\u00e4 BOUK.<\/p>\n\n\n\n<p class=\"has-text-align-center\" style=\"font-size:14px\"><strong>Tuen m\u00e4\u00e4r\u00e4:\u00a0<\/strong>5384,61\u00a0EUR<\/p>\n\n\n\n<figure class=\"wp-block-image aligncenter size-full is-resized\"><img loading=\"lazy\" decoding=\"async\" width=\"1200\" height=\"674\" src=\"https:\/\/revalia.rent\/wp-content\/uploads\/2025\/05\/nextgen_rahastanud_el_nextgeneration_eng_hor_color.jpg\" alt=\"\" class=\"wp-image-1424\" style=\"width:270px;height:auto\" srcset=\"https:\/\/revalia.rent\/wp-content\/uploads\/2025\/05\/nextgen_rahastanud_el_nextgeneration_eng_hor_color.jpg 1200w, https:\/\/revalia.rent\/wp-content\/uploads\/2025\/05\/nextgen_rahastanud_el_nextgeneration_eng_hor_color-300x169.jpg 300w, https:\/\/revalia.rent\/wp-content\/uploads\/2025\/05\/nextgen_rahastanud_el_nextgeneration_eng_hor_color-1024x575.jpg 1024w, https:\/\/revalia.rent\/wp-content\/uploads\/2025\/05\/nextgen_rahastanud_el_nextgeneration_eng_hor_color-768x431.jpg 768w\" sizes=\"auto, (max-width: 1200px) 100vw, 1200px\" \/><\/figure>\n\n\n\n<div style=\"height:10px\" aria-hidden=\"true\" class=\"wp-block-spacer\"><\/div>\n<\/div>\n<\/div>\n\n\n\n<div style=\"height:10px\" aria-hidden=\"true\" class=\"wp-block-spacer\"><\/div>\n","protected":false},"excerpt":{"rendered":"<p>Revalia Premium Residenssit Ota meihin yhteytt\u00e4 tai varaa suoraan kotisivuiltamme S\u00e4hk\u00f6posti: info@revalia.eu Puhelin: +372 502 8334 Yritystoiminnan ja innovaation tuki Projektin nimi: Revalia Premium -hallintaj\u00e4rjestelm\u00e4n digitalisointi Revalia Premium (TAB Development O\u00dc) haki vuonna 2025 Matkailualan ohjelmistojen yhdist\u00e4mis- ja integrointituen (2025\u20132027) pilvipohjaisen hallintaj\u00e4rjestelm\u00e4n k\u00e4ytt\u00f6\u00f6nottoon.Hankkeen tavoitteena on yhdist\u00e4\u00e4 kaikki varaukset yhteen verkkopohjaiseen j\u00e4rjestelm\u00e4\u00e4n, v\u00e4hent\u00e4\u00e4 manuaalista ty\u00f6t\u00e4 ja [&hellip;]<\/p>\n","protected":false},"author":3,"featured_media":0,"parent":0,"menu_order":0,"comment_status":"closed","ping_status":"closed","template":"","meta":{"footnotes":""},"class_list":["post-1423","page","type-page","status-publish","hentry"],"yoast_head":"<!-- This site is optimized with the Yoast SEO plugin v25.9 - https:\/\/yoast.com\/wordpress\/plugins\/seo\/ -->\n<title>Yhteystiedot - Revalia Rent<\/title>\n<meta name=\"robots\" content=\"index, follow, max-snippet:-1, max-image-preview:large, max-video-preview:-1\" \/>\n<link rel=\"canonical\" href=\"https:\/\/revalia.rent\/fi\/yhteystiedot\/\" \/>\n<meta property=\"og:locale\" content=\"fi_FI\" \/>\n<meta property=\"og:type\" content=\"article\" \/>\n<meta property=\"og:title\" content=\"Yhteystiedot - Revalia Rent\" \/>\n<meta property=\"og:description\" content=\"Revalia Premium Residenssit Ota meihin yhteytt\u00e4 tai varaa suoraan kotisivuiltamme S\u00e4hk\u00f6posti: info@revalia.eu Puhelin: +372 502 8334 Yritystoiminnan ja innovaation tuki Projektin nimi: Revalia Premium -hallintaj\u00e4rjestelm\u00e4n digitalisointi Revalia Premium (TAB Development O\u00dc) haki vuonna 2025 Matkailualan ohjelmistojen yhdist\u00e4mis- ja integrointituen (2025\u20132027) pilvipohjaisen hallintaj\u00e4rjestelm\u00e4n k\u00e4ytt\u00f6\u00f6nottoon.Hankkeen tavoitteena on yhdist\u00e4\u00e4 kaikki varaukset yhteen verkkopohjaiseen j\u00e4rjestelm\u00e4\u00e4n, v\u00e4hent\u00e4\u00e4 manuaalista ty\u00f6t\u00e4 ja [&hellip;]\" \/>\n<meta property=\"og:url\" content=\"https:\/\/revalia.rent\/fi\/yhteystiedot\/\" \/>\n<meta property=\"og:site_name\" content=\"Revalia Rent\" \/>\n<meta property=\"article:modified_time\" content=\"2025-05-25T06:28:59+00:00\" \/>\n<meta property=\"og:image\" content=\"https:\/\/revalia.rent\/wp-content\/uploads\/2025\/04\/Revalia_Premium_Vektor_Residents12-scaled.jpg\" \/>\n\t<meta property=\"og:image:width\" content=\"2560\" \/>\n\t<meta property=\"og:image:height\" content=\"1707\" \/>\n\t<meta property=\"og:image:type\" content=\"image\/jpeg\" \/>\n<meta name=\"twitter:card\" content=\"summary_large_image\" \/>\n<meta name=\"twitter:label1\" content=\"Arvioitu lukuaika\" \/>\n\t<meta name=\"twitter:data1\" content=\"1 minuutti\" \/>\n<script type=\"application\/ld+json\" class=\"yoast-schema-graph\">{\"@context\":\"https:\/\/schema.org\",\"@graph\":[{\"@type\":\"WebPage\",\"@id\":\"https:\/\/revalia.rent\/fi\/yhteystiedot\/\",\"url\":\"https:\/\/revalia.rent\/fi\/yhteystiedot\/\",\"name\":\"Yhteystiedot - Revalia Rent\",\"isPartOf\":{\"@id\":\"https:\/\/revalia.rent\/#website\"},\"primaryImageOfPage\":{\"@id\":\"https:\/\/revalia.rent\/fi\/yhteystiedot\/#primaryimage\"},\"image\":{\"@id\":\"https:\/\/revalia.rent\/fi\/yhteystiedot\/#primaryimage\"},\"thumbnailUrl\":\"https:\/\/revalia.rent\/wp-content\/uploads\/2025\/04\/Revalia_Premium_Vektor_Residents12-1024x683.jpg\",\"datePublished\":\"2025-05-01T08:16:34+00:00\",\"dateModified\":\"2025-05-25T06:28:59+00:00\",\"breadcrumb\":{\"@id\":\"https:\/\/revalia.rent\/fi\/yhteystiedot\/#breadcrumb\"},\"inLanguage\":\"fi\",\"potentialAction\":[{\"@type\":\"ReadAction\",\"target\":[\"https:\/\/revalia.rent\/fi\/yhteystiedot\/\"]}]},{\"@type\":\"ImageObject\",\"inLanguage\":\"fi\",\"@id\":\"https:\/\/revalia.rent\/fi\/yhteystiedot\/#primaryimage\",\"url\":\"https:\/\/revalia.rent\/wp-content\/uploads\/2025\/04\/Revalia_Premium_Vektor_Residents12-1024x683.jpg\",\"contentUrl\":\"https:\/\/revalia.rent\/wp-content\/uploads\/2025\/04\/Revalia_Premium_Vektor_Residents12-1024x683.jpg\"},{\"@type\":\"BreadcrumbList\",\"@id\":\"https:\/\/revalia.rent\/fi\/yhteystiedot\/#breadcrumb\",\"itemListElement\":[{\"@type\":\"ListItem\",\"position\":1,\"name\":\"Home\",\"item\":\"https:\/\/revalia.rent\/fi\/\"},{\"@type\":\"ListItem\",\"position\":2,\"name\":\"Yhteystiedot\"}]},{\"@type\":\"WebSite\",\"@id\":\"https:\/\/revalia.rent\/#website\",\"url\":\"https:\/\/revalia.rent\/\",\"name\":\"Revalia Rent\",\"description\":\"\",\"publisher\":{\"@id\":\"https:\/\/revalia.rent\/#organization\"},\"potentialAction\":[{\"@type\":\"SearchAction\",\"target\":{\"@type\":\"EntryPoint\",\"urlTemplate\":\"https:\/\/revalia.rent\/?s={search_term_string}\"},\"query-input\":{\"@type\":\"PropertyValueSpecification\",\"valueRequired\":true,\"valueName\":\"search_term_string\"}}],\"inLanguage\":\"fi\"},{\"@type\":\"Organization\",\"@id\":\"https:\/\/revalia.rent\/#organization\",\"name\":\"Revalia Rent\",\"url\":\"https:\/\/revalia.rent\/\",\"logo\":{\"@type\":\"ImageObject\",\"inLanguage\":\"fi\",\"@id\":\"https:\/\/revalia.rent\/#\/schema\/logo\/image\/\",\"url\":\"https:\/\/revalia.rent\/wp-content\/uploads\/2025\/04\/Revalia_Apartments_web-logo-3.png\",\"contentUrl\":\"https:\/\/revalia.rent\/wp-content\/uploads\/2025\/04\/Revalia_Apartments_web-logo-3.png\",\"width\":399,\"height\":60,\"caption\":\"Revalia Rent\"},\"image\":{\"@id\":\"https:\/\/revalia.rent\/#\/schema\/logo\/image\/\"}}]}<\/script>\n<!-- \/ Yoast SEO plugin. -->","yoast_head_json":{"title":"Yhteystiedot - Revalia Rent","robots":{"index":"index","follow":"follow","max-snippet":"max-snippet:-1","max-image-preview":"max-image-preview:large","max-video-preview":"max-video-preview:-1"},"canonical":"https:\/\/revalia.rent\/fi\/yhteystiedot\/","og_locale":"fi_FI","og_type":"article","og_title":"Yhteystiedot - Revalia Rent","og_description":"Revalia Premium Residenssit Ota meihin yhteytt\u00e4 tai varaa suoraan kotisivuiltamme S\u00e4hk\u00f6posti: info@revalia.eu Puhelin: +372 502 8334 Yritystoiminnan ja innovaation tuki Projektin nimi: Revalia Premium -hallintaj\u00e4rjestelm\u00e4n digitalisointi Revalia Premium (TAB Development O\u00dc) haki vuonna 2025 Matkailualan ohjelmistojen yhdist\u00e4mis- ja integrointituen (2025\u20132027) pilvipohjaisen hallintaj\u00e4rjestelm\u00e4n k\u00e4ytt\u00f6\u00f6nottoon.Hankkeen tavoitteena on yhdist\u00e4\u00e4 kaikki varaukset yhteen verkkopohjaiseen j\u00e4rjestelm\u00e4\u00e4n, v\u00e4hent\u00e4\u00e4 manuaalista ty\u00f6t\u00e4 ja [&hellip;]","og_url":"https:\/\/revalia.rent\/fi\/yhteystiedot\/","og_site_name":"Revalia Rent","article_modified_time":"2025-05-25T06:28:59+00:00","og_image":[{"width":2560,"height":1707,"url":"https:\/\/revalia.rent\/wp-content\/uploads\/2025\/04\/Revalia_Premium_Vektor_Residents12-scaled.jpg","type":"image\/jpeg"}],"twitter_card":"summary_large_image","twitter_misc":{"Arvioitu lukuaika":"1 minuutti"},"schema":{"@context":"https:\/\/schema.org","@graph":[{"@type":"WebPage","@id":"https:\/\/revalia.rent\/fi\/yhteystiedot\/","url":"https:\/\/revalia.rent\/fi\/yhteystiedot\/","name":"Yhteystiedot - Revalia Rent","isPartOf":{"@id":"https:\/\/revalia.rent\/#website"},"primaryImageOfPage":{"@id":"https:\/\/revalia.rent\/fi\/yhteystiedot\/#primaryimage"},"image":{"@id":"https:\/\/revalia.rent\/fi\/yhteystiedot\/#primaryimage"},"thumbnailUrl":"https:\/\/revalia.rent\/wp-content\/uploads\/2025\/04\/Revalia_Premium_Vektor_Residents12-1024x683.jpg","datePublished":"2025-05-01T08:16:34+00:00","dateModified":"2025-05-25T06:28:59+00:00","breadcrumb":{"@id":"https:\/\/revalia.rent\/fi\/yhteystiedot\/#breadcrumb"},"inLanguage":"fi","potentialAction":[{"@type":"ReadAction","target":["https:\/\/revalia.rent\/fi\/yhteystiedot\/"]}]},{"@type":"ImageObject","inLanguage":"fi","@id":"https:\/\/revalia.rent\/fi\/yhteystiedot\/#primaryimage","url":"https:\/\/revalia.rent\/wp-content\/uploads\/2025\/04\/Revalia_Premium_Vektor_Residents12-1024x683.jpg","contentUrl":"https:\/\/revalia.rent\/wp-content\/uploads\/2025\/04\/Revalia_Premium_Vektor_Residents12-1024x683.jpg"},{"@type":"BreadcrumbList","@id":"https:\/\/revalia.rent\/fi\/yhteystiedot\/#breadcrumb","itemListElement":[{"@type":"ListItem","position":1,"name":"Home","item":"https:\/\/revalia.rent\/fi\/"},{"@type":"ListItem","position":2,"name":"Yhteystiedot"}]},{"@type":"WebSite","@id":"https:\/\/revalia.rent\/#website","url":"https:\/\/revalia.rent\/","name":"Revalia Rent","description":"","publisher":{"@id":"https:\/\/revalia.rent\/#organization"},"potentialAction":[{"@type":"SearchAction","target":{"@type":"EntryPoint","urlTemplate":"https:\/\/revalia.rent\/?s={search_term_string}"},"query-input":{"@type":"PropertyValueSpecification","valueRequired":true,"valueName":"search_term_string"}}],"inLanguage":"fi"},{"@type":"Organization","@id":"https:\/\/revalia.rent\/#organization","name":"Revalia Rent","url":"https:\/\/revalia.rent\/","logo":{"@type":"ImageObject","inLanguage":"fi","@id":"https:\/\/revalia.rent\/#\/schema\/logo\/image\/","url":"https:\/\/revalia.rent\/wp-content\/uploads\/2025\/04\/Revalia_Apartments_web-logo-3.png","contentUrl":"https:\/\/revalia.rent\/wp-content\/uploads\/2025\/04\/Revalia_Apartments_web-logo-3.png","width":399,"height":60,"caption":"Revalia Rent"},"image":{"@id":"https:\/\/revalia.rent\/#\/schema\/logo\/image\/"}}]}},"_links":{"self":[{"href":"https:\/\/revalia.rent\/fi\/wp-json\/wp\/v2\/pages\/1423","targetHints":{"allow":["GET"]}}],"collection":[{"href":"https:\/\/revalia.rent\/fi\/wp-json\/wp\/v2\/pages"}],"about":[{"href":"https:\/\/revalia.rent\/fi\/wp-json\/wp\/v2\/types\/page"}],"author":[{"embeddable":true,"href":"https:\/\/revalia.rent\/fi\/wp-json\/wp\/v2\/users\/3"}],"replies":[{"embeddable":true,"href":"https:\/\/revalia.rent\/fi\/wp-json\/wp\/v2\/comments?post=1423"}],"version-history":[{"count":1,"href":"https:\/\/revalia.rent\/fi\/wp-json\/wp\/v2\/pages\/1423\/revisions"}],"predecessor-version":[{"id":1449,"href":"https:\/\/revalia.rent\/fi\/wp-json\/wp\/v2\/pages\/1423\/revisions\/1449"}],"wp:attachment":[{"href":"https:\/\/revalia.rent\/fi\/wp-json\/wp\/v2\/media?parent=1423"}],"curies":[{"name":"wp","href":"https:\/\/api.w.org\/{rel}","templated":true}]}}