{"id":1940,"date":"2025-06-10T13:23:33","date_gmt":"2025-06-10T13:23:33","guid":{"rendered":"https:\/\/revalia.rent\/?page_id=1940"},"modified":"2025-06-10T16:25:54","modified_gmt":"2025-06-10T16:25:54","slug":"revalia-t1-studio-residenssi","status":"publish","type":"page","link":"https:\/\/revalia.rent\/fi\/revalia-t1-studio-residenssi\/","title":{"rendered":"Revalia T1 Studio Residenssi"},"content":{"rendered":"\n<div class=\"wp-block-cover alignfull is-light\" style=\"min-height:749px;aspect-ratio:unset;\"><img loading=\"lazy\" decoding=\"async\" width=\"1024\" height=\"683\" class=\"wp-block-cover__image-background wp-image-1952 size-large\" alt=\"\" src=\"https:\/\/revalia.rent\/wp-content\/uploads\/2025\/06\/Revalia_Residence_T1_3-1024x683.jpg\" data-object-fit=\"cover\" srcset=\"https:\/\/revalia.rent\/wp-content\/uploads\/2025\/06\/Revalia_Residence_T1_3-1024x683.jpg 1024w, https:\/\/revalia.rent\/wp-content\/uploads\/2025\/06\/Revalia_Residence_T1_3-300x200.jpg 300w, https:\/\/revalia.rent\/wp-content\/uploads\/2025\/06\/Revalia_Residence_T1_3-768x512.jpg 768w, https:\/\/revalia.rent\/wp-content\/uploads\/2025\/06\/Revalia_Residence_T1_3.jpg 1299w\" sizes=\"auto, (max-width: 1024px) 100vw, 1024px\" \/><span aria-hidden=\"true\" class=\"wp-block-cover__background has-background-dim-20 has-background-dim\" style=\"background-color:#b9b1b7\"><\/span><div class=\"wp-block-cover__inner-container is-layout-flow wp-block-cover-is-layout-flow\">\n<h2 class=\"wp-block-heading has-text-align-center has-white-color has-text-color has-link-color wp-elements-28fc6b28bcd40791be7b898448ace367\" style=\"font-size:101px\">REVALIA T1 STUDIO RESIDENSSI<\/h2>\n<\/div><\/div>\n\n\n\n<div style=\"height:15px\" aria-hidden=\"true\" class=\"wp-block-spacer\"><\/div>\n\n\n\n<div class=\"wp-block-columns are-vertically-aligned-center is-layout-flex wp-container-core-columns-is-layout-c923679a wp-block-columns-is-layout-flex\" style=\"padding-top:var(--wp--preset--spacing--20);padding-right:var(--wp--preset--spacing--20);padding-bottom:var(--wp--preset--spacing--20);padding-left:var(--wp--preset--spacing--20)\">\n<div class=\"wp-block-column is-vertically-aligned-center radius10ja50 has-text-color has-background has-link-color wp-elements-df8e2c324de40038beede194fb4cbf07 is-layout-flow wp-block-column-is-layout-flow\" style=\"color:#1d3c34;background-color:#faf8f5\">\n<div style=\"height:5px\" aria-hidden=\"true\" class=\"wp-block-spacer\"><\/div>\n\n\n\n<h2 class=\"wp-block-heading has-text-align-center\"><span style=\"text-decoration: underline;\">Revalia T1 Studio Residenssi<\/span><\/h2>\n\n\n\n<p class=\"has-text-align-center\">Moderni kerrostalo Tallinnan sykkeess\u00e4 \u2013 erinomainen sijainti niille, jotka arvostavat l\u00e4heisyytt\u00e4 lentokentt\u00e4\u00e4n ja julkiseen liikenteeseen. K\u00e4velymatkan p\u00e4\u00e4ss\u00e4 sijaitseva T1-ostoskeskus, nopeat raitiovaunuyhteydet ja k\u00e4tev\u00e4 p\u00e4\u00e4sy keskustaan tekev\u00e4t majoittumisesta erityisen helppoa ja k\u00e4yt\u00e4nn\u00f6llist\u00e4. Kaikki huoneistot ovat hyvin varusteltuja ja sopivat erinomaisesti pariskunnille, perheille tai liikematkustajille.<\/p>\n\n\n\n<div style=\"height:9px\" aria-hidden=\"true\" class=\"wp-block-spacer\"><\/div>\n\n\n\n<div class=\"wp-block-buttons is-content-justification-center is-layout-flex wp-container-core-buttons-is-layout-a89b3969 wp-block-buttons-is-layout-flex\">\n<div class=\"wp-block-button\"><a class=\"wp-block-button__link wp-element-button\" href=\"https:\/\/bouk.io\/booking\/Revalia\/768\/rooms?language=fi&amp;adults=2\"><strong>VARAA PARAS HUONEISTO TALLINNASSA<\/strong><\/a><\/div>\n<\/div>\n\n\n\n<div style=\"height:5px\" aria-hidden=\"true\" class=\"wp-block-spacer\"><\/div>\n<\/div>\n<\/div>\n\n\n\n<div style=\"height:15px\" aria-hidden=\"true\" class=\"wp-block-spacer\"><\/div>\n\n\n\n<div class=\"wp-block-edhotels-grid-gallery alignwide grid-items lightgallery is-style-mosaic\" style=\"padding-right:0;padding-left:0\"><div data-src=\"https:\/\/revalia.rent\/wp-content\/uploads\/2025\/06\/Revalia_Residence_T1_1.jpg\" class=\"grid-item\"><img decoding=\"async\" width=\"1024\" height=\"757\" src=\"https:\/\/revalia.rent\/wp-content\/uploads\/2025\/06\/Revalia_Residence_T1_1-1024x757.jpg\" alt=\"\" data-id=\"1944\" loading=\"lazy\" class=\"wp-image-1944\" srcset=\"https:\/\/revalia.rent\/wp-content\/uploads\/2025\/06\/Revalia_Residence_T1_1-1024x757.jpg 1024w, https:\/\/revalia.rent\/wp-content\/uploads\/2025\/06\/Revalia_Residence_T1_1-300x222.jpg 300w, https:\/\/revalia.rent\/wp-content\/uploads\/2025\/06\/Revalia_Residence_T1_1-768x568.jpg 768w, https:\/\/revalia.rent\/wp-content\/uploads\/2025\/06\/Revalia_Residence_T1_1.jpg 1345w\" sizes=\"auto, (max-width: 1024px) 100vw, 1024px\" \/><\/div><div data-src=\"https:\/\/revalia.rent\/wp-content\/uploads\/2025\/06\/Revalia_Residence_T1_3.jpg\" class=\"grid-item\"><img decoding=\"async\" width=\"1024\" height=\"683\" src=\"https:\/\/revalia.rent\/wp-content\/uploads\/2025\/06\/Revalia_Residence_T1_3-1024x683.jpg\" alt=\"\" data-id=\"1952\" loading=\"lazy\" class=\"wp-image-1952\" srcset=\"https:\/\/revalia.rent\/wp-content\/uploads\/2025\/06\/Revalia_Residence_T1_3-1024x683.jpg 1024w, https:\/\/revalia.rent\/wp-content\/uploads\/2025\/06\/Revalia_Residence_T1_3-300x200.jpg 300w, https:\/\/revalia.rent\/wp-content\/uploads\/2025\/06\/Revalia_Residence_T1_3-768x512.jpg 768w, https:\/\/revalia.rent\/wp-content\/uploads\/2025\/06\/Revalia_Residence_T1_3.jpg 1299w\" sizes=\"auto, (max-width: 1024px) 100vw, 1024px\" \/><\/div><div data-src=\"https:\/\/revalia.rent\/wp-content\/uploads\/2025\/06\/Revalia_Residence_T1_5.jpg\" class=\"grid-item\"><img decoding=\"async\" width=\"1024\" height=\"683\" src=\"https:\/\/revalia.rent\/wp-content\/uploads\/2025\/06\/Revalia_Residence_T1_5-1024x683.jpg\" alt=\"\" data-id=\"1960\" loading=\"lazy\" class=\"wp-image-1960\" srcset=\"https:\/\/revalia.rent\/wp-content\/uploads\/2025\/06\/Revalia_Residence_T1_5-1024x683.jpg 1024w, https:\/\/revalia.rent\/wp-content\/uploads\/2025\/06\/Revalia_Residence_T1_5-300x200.jpg 300w, https:\/\/revalia.rent\/wp-content\/uploads\/2025\/06\/Revalia_Residence_T1_5-768x512.jpg 768w, https:\/\/revalia.rent\/wp-content\/uploads\/2025\/06\/Revalia_Residence_T1_5.jpg 1299w\" sizes=\"auto, (max-width: 1024px) 100vw, 1024px\" \/><\/div><div data-src=\"https:\/\/revalia.rent\/wp-content\/uploads\/2025\/06\/Revalia_Residence_T1_6.jpg\" class=\"grid-item\"><img decoding=\"async\" width=\"1024\" height=\"684\" src=\"https:\/\/revalia.rent\/wp-content\/uploads\/2025\/06\/Revalia_Residence_T1_6-1024x684.jpg\" alt=\"\" data-id=\"1964\" loading=\"lazy\" class=\"wp-image-1964\" srcset=\"https:\/\/revalia.rent\/wp-content\/uploads\/2025\/06\/Revalia_Residence_T1_6-1024x684.jpg 1024w, https:\/\/revalia.rent\/wp-content\/uploads\/2025\/06\/Revalia_Residence_T1_6-300x200.jpg 300w, https:\/\/revalia.rent\/wp-content\/uploads\/2025\/06\/Revalia_Residence_T1_6-768x513.jpg 768w, https:\/\/revalia.rent\/wp-content\/uploads\/2025\/06\/Revalia_Residence_T1_6.jpg 1492w\" sizes=\"auto, (max-width: 1024px) 100vw, 1024px\" \/><\/div><div data-src=\"https:\/\/revalia.rent\/wp-content\/uploads\/2025\/06\/Revalia_Residence_T1_7.jpg\" class=\"grid-item\"><img decoding=\"async\" width=\"1024\" height=\"683\" src=\"https:\/\/revalia.rent\/wp-content\/uploads\/2025\/06\/Revalia_Residence_T1_7-1024x683.jpg\" alt=\"\" data-id=\"1968\" loading=\"lazy\" class=\"wp-image-1968\" srcset=\"https:\/\/revalia.rent\/wp-content\/uploads\/2025\/06\/Revalia_Residence_T1_7-1024x683.jpg 1024w, https:\/\/revalia.rent\/wp-content\/uploads\/2025\/06\/Revalia_Residence_T1_7-300x200.jpg 300w, https:\/\/revalia.rent\/wp-content\/uploads\/2025\/06\/Revalia_Residence_T1_7-768x512.jpg 768w, https:\/\/revalia.rent\/wp-content\/uploads\/2025\/06\/Revalia_Residence_T1_7.jpg 1534w\" sizes=\"auto, (max-width: 1024px) 100vw, 1024px\" \/><\/div><div data-src=\"https:\/\/revalia.rent\/wp-content\/uploads\/2025\/06\/Revalia_Residence_T1_8.jpg\" class=\"grid-item\"><img decoding=\"async\" width=\"683\" height=\"1024\" src=\"https:\/\/revalia.rent\/wp-content\/uploads\/2025\/06\/Revalia_Residence_T1_8-683x1024.jpg\" alt=\"\" data-id=\"1972\" loading=\"lazy\" class=\"wp-image-1972\" srcset=\"https:\/\/revalia.rent\/wp-content\/uploads\/2025\/06\/Revalia_Residence_T1_8-683x1024.jpg 683w, https:\/\/revalia.rent\/wp-content\/uploads\/2025\/06\/Revalia_Residence_T1_8-200x300.jpg 200w, https:\/\/revalia.rent\/wp-content\/uploads\/2025\/06\/Revalia_Residence_T1_8-768x1152.jpg 768w, https:\/\/revalia.rent\/wp-content\/uploads\/2025\/06\/Revalia_Residence_T1_8.jpg 1023w\" sizes=\"auto, (max-width: 683px) 100vw, 683px\" \/><\/div><div data-src=\"https:\/\/revalia.rent\/wp-content\/uploads\/2025\/06\/Revalia_Residence_T1_9.jpg\" class=\"grid-item\"><img decoding=\"async\" width=\"1024\" height=\"683\" src=\"https:\/\/revalia.rent\/wp-content\/uploads\/2025\/06\/Revalia_Residence_T1_9-1024x683.jpg\" alt=\"\" data-id=\"1976\" loading=\"lazy\" class=\"wp-image-1976\" srcset=\"https:\/\/revalia.rent\/wp-content\/uploads\/2025\/06\/Revalia_Residence_T1_9-1024x683.jpg 1024w, https:\/\/revalia.rent\/wp-content\/uploads\/2025\/06\/Revalia_Residence_T1_9-300x200.jpg 300w, https:\/\/revalia.rent\/wp-content\/uploads\/2025\/06\/Revalia_Residence_T1_9-768x512.jpg 768w, https:\/\/revalia.rent\/wp-content\/uploads\/2025\/06\/Revalia_Residence_T1_9.jpg 1534w\" sizes=\"auto, (max-width: 1024px) 100vw, 1024px\" \/><\/div><div data-src=\"https:\/\/revalia.rent\/wp-content\/uploads\/2025\/06\/Revalia_Residence_T1_10-scaled.jpg\" class=\"grid-item\"><img decoding=\"async\" width=\"1024\" height=\"683\" src=\"https:\/\/revalia.rent\/wp-content\/uploads\/2025\/06\/Revalia_Residence_T1_10-1024x683.jpg\" alt=\"\" data-id=\"1980\" loading=\"lazy\" class=\"wp-image-1980\" srcset=\"https:\/\/revalia.rent\/wp-content\/uploads\/2025\/06\/Revalia_Residence_T1_10-1024x683.jpg 1024w, https:\/\/revalia.rent\/wp-content\/uploads\/2025\/06\/Revalia_Residence_T1_10-300x200.jpg 300w, https:\/\/revalia.rent\/wp-content\/uploads\/2025\/06\/Revalia_Residence_T1_10-768x512.jpg 768w, https:\/\/revalia.rent\/wp-content\/uploads\/2025\/06\/Revalia_Residence_T1_10-1536x1024.jpg 1536w, https:\/\/revalia.rent\/wp-content\/uploads\/2025\/06\/Revalia_Residence_T1_10-2048x1365.jpg 2048w, https:\/\/revalia.rent\/wp-content\/uploads\/2025\/06\/Revalia_Residence_T1_10-1568x1045.jpg 1568w\" sizes=\"auto, (max-width: 1024px) 100vw, 1024px\" \/><\/div><div data-src=\"https:\/\/revalia.rent\/wp-content\/uploads\/2025\/06\/Revalia_Residence_T1_11.jpg\" class=\"grid-item\"><img decoding=\"async\" width=\"683\" height=\"1024\" src=\"https:\/\/revalia.rent\/wp-content\/uploads\/2025\/06\/Revalia_Residence_T1_11-683x1024.jpg\" alt=\"\" data-id=\"1984\" loading=\"lazy\" class=\"wp-image-1984\" srcset=\"https:\/\/revalia.rent\/wp-content\/uploads\/2025\/06\/Revalia_Residence_T1_11-683x1024.jpg 683w, https:\/\/revalia.rent\/wp-content\/uploads\/2025\/06\/Revalia_Residence_T1_11-200x300.jpg 200w, https:\/\/revalia.rent\/wp-content\/uploads\/2025\/06\/Revalia_Residence_T1_11-768x1152.jpg 768w, https:\/\/revalia.rent\/wp-content\/uploads\/2025\/06\/Revalia_Residence_T1_11.jpg 866w\" sizes=\"auto, (max-width: 683px) 100vw, 683px\" \/><\/div><div data-src=\"https:\/\/revalia.rent\/wp-content\/uploads\/2025\/06\/Revalia_Residence_T1_12.jpg\" class=\"grid-item\"><img decoding=\"async\" width=\"1024\" height=\"704\" src=\"https:\/\/revalia.rent\/wp-content\/uploads\/2025\/06\/Revalia_Residence_T1_12-1024x704.jpg\" alt=\"\" data-id=\"1988\" loading=\"lazy\" class=\"wp-image-1988\" srcset=\"https:\/\/revalia.rent\/wp-content\/uploads\/2025\/06\/Revalia_Residence_T1_12-1024x704.jpg 1024w, https:\/\/revalia.rent\/wp-content\/uploads\/2025\/06\/Revalia_Residence_T1_12-300x206.jpg 300w, https:\/\/revalia.rent\/wp-content\/uploads\/2025\/06\/Revalia_Residence_T1_12-768x528.jpg 768w, https:\/\/revalia.rent\/wp-content\/uploads\/2025\/06\/Revalia_Residence_T1_12.jpg 1487w\" sizes=\"auto, (max-width: 1024px) 100vw, 1024px\" \/><\/div><div data-src=\"https:\/\/revalia.rent\/wp-content\/uploads\/2025\/06\/Revalia_Residence_T1_13.jpg\" class=\"grid-item\"><img decoding=\"async\" width=\"1024\" height=\"683\" src=\"https:\/\/revalia.rent\/wp-content\/uploads\/2025\/06\/Revalia_Residence_T1_13-1024x683.jpg\" alt=\"\" data-id=\"1992\" loading=\"lazy\" class=\"wp-image-1992\" srcset=\"https:\/\/revalia.rent\/wp-content\/uploads\/2025\/06\/Revalia_Residence_T1_13-1024x683.jpg 1024w, https:\/\/revalia.rent\/wp-content\/uploads\/2025\/06\/Revalia_Residence_T1_13-300x200.jpg 300w, https:\/\/revalia.rent\/wp-content\/uploads\/2025\/06\/Revalia_Residence_T1_13-768x512.jpg 768w, https:\/\/revalia.rent\/wp-content\/uploads\/2025\/06\/Revalia_Residence_T1_13.jpg 1534w\" sizes=\"auto, (max-width: 1024px) 100vw, 1024px\" \/><\/div><div data-src=\"https:\/\/revalia.rent\/wp-content\/uploads\/2025\/06\/Revalia_Residence_T1_15.jpg\" class=\"grid-item\"><img decoding=\"async\" width=\"683\" height=\"1024\" src=\"https:\/\/revalia.rent\/wp-content\/uploads\/2025\/06\/Revalia_Residence_T1_15-683x1024.jpg\" alt=\"\" data-id=\"2000\" loading=\"lazy\" class=\"wp-image-2000\" srcset=\"https:\/\/revalia.rent\/wp-content\/uploads\/2025\/06\/Revalia_Residence_T1_15-683x1024.jpg 683w, https:\/\/revalia.rent\/wp-content\/uploads\/2025\/06\/Revalia_Residence_T1_15-200x300.jpg 200w, https:\/\/revalia.rent\/wp-content\/uploads\/2025\/06\/Revalia_Residence_T1_15-768x1152.jpg 768w, https:\/\/revalia.rent\/wp-content\/uploads\/2025\/06\/Revalia_Residence_T1_15.jpg 866w\" sizes=\"auto, (max-width: 683px) 100vw, 683px\" \/><\/div><div data-src=\"https:\/\/revalia.rent\/wp-content\/uploads\/2025\/06\/Revalia_Residence_T1_16.jpg\" class=\"grid-item\"><img decoding=\"async\" width=\"1024\" height=\"683\" src=\"https:\/\/revalia.rent\/wp-content\/uploads\/2025\/06\/Revalia_Residence_T1_16-1024x683.jpg\" alt=\"\" data-id=\"2004\" loading=\"lazy\" class=\"wp-image-2004\" srcset=\"https:\/\/revalia.rent\/wp-content\/uploads\/2025\/06\/Revalia_Residence_T1_16-1024x683.jpg 1024w, https:\/\/revalia.rent\/wp-content\/uploads\/2025\/06\/Revalia_Residence_T1_16-300x200.jpg 300w, https:\/\/revalia.rent\/wp-content\/uploads\/2025\/06\/Revalia_Residence_T1_16-768x512.jpg 768w, https:\/\/revalia.rent\/wp-content\/uploads\/2025\/06\/Revalia_Residence_T1_16-1536x1025.jpg 1536w, https:\/\/revalia.rent\/wp-content\/uploads\/2025\/06\/Revalia_Residence_T1_16-1568x1046.jpg 1568w, https:\/\/revalia.rent\/wp-content\/uploads\/2025\/06\/Revalia_Residence_T1_16.jpg 1790w\" sizes=\"auto, (max-width: 1024px) 100vw, 1024px\" \/><\/div><div data-src=\"https:\/\/revalia.rent\/wp-content\/uploads\/2025\/06\/Revalia_Residence_T1_17.jpg\" class=\"grid-item\"><img decoding=\"async\" width=\"712\" height=\"1024\" src=\"https:\/\/revalia.rent\/wp-content\/uploads\/2025\/06\/Revalia_Residence_T1_17-712x1024.jpg\" alt=\"\" data-id=\"2008\" loading=\"lazy\" class=\"wp-image-2008\" srcset=\"https:\/\/revalia.rent\/wp-content\/uploads\/2025\/06\/Revalia_Residence_T1_17-712x1024.jpg 712w, https:\/\/revalia.rent\/wp-content\/uploads\/2025\/06\/Revalia_Residence_T1_17-208x300.jpg 208w, https:\/\/revalia.rent\/wp-content\/uploads\/2025\/06\/Revalia_Residence_T1_17-768x1105.jpg 768w, https:\/\/revalia.rent\/wp-content\/uploads\/2025\/06\/Revalia_Residence_T1_17.jpg 1023w\" sizes=\"auto, (max-width: 712px) 100vw, 712px\" \/><\/div><div data-src=\"https:\/\/revalia.rent\/wp-content\/uploads\/2025\/06\/Revalia_Residence_T1_18.jpg\" class=\"grid-item\"><img decoding=\"async\" width=\"1024\" height=\"683\" src=\"https:\/\/revalia.rent\/wp-content\/uploads\/2025\/06\/Revalia_Residence_T1_18-1024x683.jpg\" alt=\"\" data-id=\"2012\" loading=\"lazy\" class=\"wp-image-2012\" srcset=\"https:\/\/revalia.rent\/wp-content\/uploads\/2025\/06\/Revalia_Residence_T1_18-1024x683.jpg 1024w, https:\/\/revalia.rent\/wp-content\/uploads\/2025\/06\/Revalia_Residence_T1_18-300x200.jpg 300w, https:\/\/revalia.rent\/wp-content\/uploads\/2025\/06\/Revalia_Residence_T1_18-768x512.jpg 768w, https:\/\/revalia.rent\/wp-content\/uploads\/2025\/06\/Revalia_Residence_T1_18.jpg 1299w\" sizes=\"auto, (max-width: 1024px) 100vw, 1024px\" \/><\/div><div data-src=\"https:\/\/revalia.rent\/wp-content\/uploads\/2025\/06\/Revalia_Residence_T1_19.jpg\" class=\"grid-item\"><img decoding=\"async\" width=\"1024\" height=\"575\" src=\"https:\/\/revalia.rent\/wp-content\/uploads\/2025\/06\/Revalia_Residence_T1_19-1024x575.jpg\" alt=\"\" data-id=\"2016\" loading=\"lazy\" class=\"wp-image-2016\" srcset=\"https:\/\/revalia.rent\/wp-content\/uploads\/2025\/06\/Revalia_Residence_T1_19-1024x575.jpg 1024w, https:\/\/revalia.rent\/wp-content\/uploads\/2025\/06\/Revalia_Residence_T1_19-300x169.jpg 300w, https:\/\/revalia.rent\/wp-content\/uploads\/2025\/06\/Revalia_Residence_T1_19-768x432.jpg 768w, https:\/\/revalia.rent\/wp-content\/uploads\/2025\/06\/Revalia_Residence_T1_19.jpg 1299w\" sizes=\"auto, (max-width: 1024px) 100vw, 1024px\" \/><\/div><\/div>\n\n\n\n<div style=\"height:10px\" aria-hidden=\"true\" class=\"wp-block-spacer\"><\/div>\n","protected":false},"excerpt":{"rendered":"<p>Revalia T1 Studio Residenssi Moderni kerrostalo Tallinnan sykkeess\u00e4 \u2013 erinomainen sijainti niille, jotka arvostavat l\u00e4heisyytt\u00e4 lentokentt\u00e4\u00e4n ja julkiseen liikenteeseen. K\u00e4velymatkan p\u00e4\u00e4ss\u00e4 sijaitseva T1-ostoskeskus, nopeat raitiovaunuyhteydet ja k\u00e4tev\u00e4 p\u00e4\u00e4sy keskustaan tekev\u00e4t majoittumisesta erityisen helppoa ja k\u00e4yt\u00e4nn\u00f6llist\u00e4. Kaikki huoneistot ovat hyvin varusteltuja ja sopivat erinomaisesti pariskunnille, perheille tai liikematkustajille.<\/p>\n","protected":false},"author":3,"featured_media":0,"parent":0,"menu_order":0,"comment_status":"closed","ping_status":"closed","template":"","meta":{"footnotes":""},"class_list":["post-1940","page","type-page","status-publish","hentry"],"yoast_head":"<!-- This site is optimized with the Yoast SEO plugin v25.9 - https:\/\/yoast.com\/wordpress\/plugins\/seo\/ -->\n<title>Revalia T1 Studio Residenssi - Revalia Rent<\/title>\n<meta name=\"robots\" content=\"index, follow, max-snippet:-1, max-image-preview:large, max-video-preview:-1\" \/>\n<link rel=\"canonical\" href=\"https:\/\/revalia.rent\/fi\/revalia-t1-studio-residenssi\/\" \/>\n<meta property=\"og:locale\" content=\"fi_FI\" \/>\n<meta property=\"og:type\" content=\"article\" \/>\n<meta property=\"og:title\" content=\"Revalia T1 Studio Residenssi - Revalia Rent\" \/>\n<meta property=\"og:description\" content=\"Revalia T1 Studio Residenssi Moderni kerrostalo Tallinnan sykkeess\u00e4 \u2013 erinomainen sijainti niille, jotka arvostavat l\u00e4heisyytt\u00e4 lentokentt\u00e4\u00e4n ja julkiseen liikenteeseen. K\u00e4velymatkan p\u00e4\u00e4ss\u00e4 sijaitseva T1-ostoskeskus, nopeat raitiovaunuyhteydet ja k\u00e4tev\u00e4 p\u00e4\u00e4sy keskustaan tekev\u00e4t majoittumisesta erityisen helppoa ja k\u00e4yt\u00e4nn\u00f6llist\u00e4. Kaikki huoneistot ovat hyvin varusteltuja ja sopivat erinomaisesti pariskunnille, perheille tai liikematkustajille.\" \/>\n<meta property=\"og:url\" content=\"https:\/\/revalia.rent\/fi\/revalia-t1-studio-residenssi\/\" \/>\n<meta property=\"og:site_name\" content=\"Revalia Rent\" \/>\n<meta property=\"article:modified_time\" content=\"2025-06-10T16:25:54+00:00\" \/>\n<meta property=\"og:image\" content=\"https:\/\/revalia.rent\/wp-content\/uploads\/2025\/06\/Revalia_Residence_T1_3.jpg\" \/>\n\t<meta property=\"og:image:width\" content=\"1299\" \/>\n\t<meta property=\"og:image:height\" content=\"866\" \/>\n\t<meta property=\"og:image:type\" content=\"image\/jpeg\" \/>\n<meta name=\"twitter:card\" content=\"summary_large_image\" \/>\n<meta name=\"twitter:label1\" content=\"Arvioitu lukuaika\" \/>\n\t<meta name=\"twitter:data1\" content=\"4 minuuttia\" \/>\n<script type=\"application\/ld+json\" class=\"yoast-schema-graph\">{\"@context\":\"https:\/\/schema.org\",\"@graph\":[{\"@type\":\"WebPage\",\"@id\":\"https:\/\/revalia.rent\/fi\/revalia-t1-studio-residenssi\/\",\"url\":\"https:\/\/revalia.rent\/fi\/revalia-t1-studio-residenssi\/\",\"name\":\"Revalia T1 Studio Residenssi - Revalia Rent\",\"isPartOf\":{\"@id\":\"https:\/\/revalia.rent\/#website\"},\"primaryImageOfPage\":{\"@id\":\"https:\/\/revalia.rent\/fi\/revalia-t1-studio-residenssi\/#primaryimage\"},\"image\":{\"@id\":\"https:\/\/revalia.rent\/fi\/revalia-t1-studio-residenssi\/#primaryimage\"},\"thumbnailUrl\":\"https:\/\/revalia.rent\/wp-content\/uploads\/2025\/06\/Revalia_Residence_T1_3-1024x683.jpg\",\"datePublished\":\"2025-06-10T13:23:33+00:00\",\"dateModified\":\"2025-06-10T16:25:54+00:00\",\"breadcrumb\":{\"@id\":\"https:\/\/revalia.rent\/fi\/revalia-t1-studio-residenssi\/#breadcrumb\"},\"inLanguage\":\"fi\",\"potentialAction\":[{\"@type\":\"ReadAction\",\"target\":[\"https:\/\/revalia.rent\/fi\/revalia-t1-studio-residenssi\/\"]}]},{\"@type\":\"ImageObject\",\"inLanguage\":\"fi\",\"@id\":\"https:\/\/revalia.rent\/fi\/revalia-t1-studio-residenssi\/#primaryimage\",\"url\":\"https:\/\/revalia.rent\/wp-content\/uploads\/2025\/06\/Revalia_Residence_T1_3-1024x683.jpg\",\"contentUrl\":\"https:\/\/revalia.rent\/wp-content\/uploads\/2025\/06\/Revalia_Residence_T1_3-1024x683.jpg\"},{\"@type\":\"BreadcrumbList\",\"@id\":\"https:\/\/revalia.rent\/fi\/revalia-t1-studio-residenssi\/#breadcrumb\",\"itemListElement\":[{\"@type\":\"ListItem\",\"position\":1,\"name\":\"Home\",\"item\":\"https:\/\/revalia.rent\/fi\/\"},{\"@type\":\"ListItem\",\"position\":2,\"name\":\"Revalia T1 Studio Residenssi\"}]},{\"@type\":\"WebSite\",\"@id\":\"https:\/\/revalia.rent\/#website\",\"url\":\"https:\/\/revalia.rent\/\",\"name\":\"Revalia Rent\",\"description\":\"\",\"publisher\":{\"@id\":\"https:\/\/revalia.rent\/#organization\"},\"potentialAction\":[{\"@type\":\"SearchAction\",\"target\":{\"@type\":\"EntryPoint\",\"urlTemplate\":\"https:\/\/revalia.rent\/?s={search_term_string}\"},\"query-input\":{\"@type\":\"PropertyValueSpecification\",\"valueRequired\":true,\"valueName\":\"search_term_string\"}}],\"inLanguage\":\"fi\"},{\"@type\":\"Organization\",\"@id\":\"https:\/\/revalia.rent\/#organization\",\"name\":\"Revalia Rent\",\"url\":\"https:\/\/revalia.rent\/\",\"logo\":{\"@type\":\"ImageObject\",\"inLanguage\":\"fi\",\"@id\":\"https:\/\/revalia.rent\/#\/schema\/logo\/image\/\",\"url\":\"https:\/\/revalia.rent\/wp-content\/uploads\/2025\/04\/Revalia_Apartments_web-logo-3.png\",\"contentUrl\":\"https:\/\/revalia.rent\/wp-content\/uploads\/2025\/04\/Revalia_Apartments_web-logo-3.png\",\"width\":399,\"height\":60,\"caption\":\"Revalia Rent\"},\"image\":{\"@id\":\"https:\/\/revalia.rent\/#\/schema\/logo\/image\/\"}}]}<\/script>\n<!-- \/ Yoast SEO plugin. -->","yoast_head_json":{"title":"Revalia T1 Studio Residenssi - Revalia Rent","robots":{"index":"index","follow":"follow","max-snippet":"max-snippet:-1","max-image-preview":"max-image-preview:large","max-video-preview":"max-video-preview:-1"},"canonical":"https:\/\/revalia.rent\/fi\/revalia-t1-studio-residenssi\/","og_locale":"fi_FI","og_type":"article","og_title":"Revalia T1 Studio Residenssi - Revalia Rent","og_description":"Revalia T1 Studio Residenssi Moderni kerrostalo Tallinnan sykkeess\u00e4 \u2013 erinomainen sijainti niille, jotka arvostavat l\u00e4heisyytt\u00e4 lentokentt\u00e4\u00e4n ja julkiseen liikenteeseen. K\u00e4velymatkan p\u00e4\u00e4ss\u00e4 sijaitseva T1-ostoskeskus, nopeat raitiovaunuyhteydet ja k\u00e4tev\u00e4 p\u00e4\u00e4sy keskustaan tekev\u00e4t majoittumisesta erityisen helppoa ja k\u00e4yt\u00e4nn\u00f6llist\u00e4. Kaikki huoneistot ovat hyvin varusteltuja ja sopivat erinomaisesti pariskunnille, perheille tai liikematkustajille.","og_url":"https:\/\/revalia.rent\/fi\/revalia-t1-studio-residenssi\/","og_site_name":"Revalia Rent","article_modified_time":"2025-06-10T16:25:54+00:00","og_image":[{"width":1299,"height":866,"url":"https:\/\/revalia.rent\/wp-content\/uploads\/2025\/06\/Revalia_Residence_T1_3.jpg","type":"image\/jpeg"}],"twitter_card":"summary_large_image","twitter_misc":{"Arvioitu lukuaika":"4 minuuttia"},"schema":{"@context":"https:\/\/schema.org","@graph":[{"@type":"WebPage","@id":"https:\/\/revalia.rent\/fi\/revalia-t1-studio-residenssi\/","url":"https:\/\/revalia.rent\/fi\/revalia-t1-studio-residenssi\/","name":"Revalia T1 Studio Residenssi - Revalia Rent","isPartOf":{"@id":"https:\/\/revalia.rent\/#website"},"primaryImageOfPage":{"@id":"https:\/\/revalia.rent\/fi\/revalia-t1-studio-residenssi\/#primaryimage"},"image":{"@id":"https:\/\/revalia.rent\/fi\/revalia-t1-studio-residenssi\/#primaryimage"},"thumbnailUrl":"https:\/\/revalia.rent\/wp-content\/uploads\/2025\/06\/Revalia_Residence_T1_3-1024x683.jpg","datePublished":"2025-06-10T13:23:33+00:00","dateModified":"2025-06-10T16:25:54+00:00","breadcrumb":{"@id":"https:\/\/revalia.rent\/fi\/revalia-t1-studio-residenssi\/#breadcrumb"},"inLanguage":"fi","potentialAction":[{"@type":"ReadAction","target":["https:\/\/revalia.rent\/fi\/revalia-t1-studio-residenssi\/"]}]},{"@type":"ImageObject","inLanguage":"fi","@id":"https:\/\/revalia.rent\/fi\/revalia-t1-studio-residenssi\/#primaryimage","url":"https:\/\/revalia.rent\/wp-content\/uploads\/2025\/06\/Revalia_Residence_T1_3-1024x683.jpg","contentUrl":"https:\/\/revalia.rent\/wp-content\/uploads\/2025\/06\/Revalia_Residence_T1_3-1024x683.jpg"},{"@type":"BreadcrumbList","@id":"https:\/\/revalia.rent\/fi\/revalia-t1-studio-residenssi\/#breadcrumb","itemListElement":[{"@type":"ListItem","position":1,"name":"Home","item":"https:\/\/revalia.rent\/fi\/"},{"@type":"ListItem","position":2,"name":"Revalia T1 Studio Residenssi"}]},{"@type":"WebSite","@id":"https:\/\/revalia.rent\/#website","url":"https:\/\/revalia.rent\/","name":"Revalia Rent","description":"","publisher":{"@id":"https:\/\/revalia.rent\/#organization"},"potentialAction":[{"@type":"SearchAction","target":{"@type":"EntryPoint","urlTemplate":"https:\/\/revalia.rent\/?s={search_term_string}"},"query-input":{"@type":"PropertyValueSpecification","valueRequired":true,"valueName":"search_term_string"}}],"inLanguage":"fi"},{"@type":"Organization","@id":"https:\/\/revalia.rent\/#organization","name":"Revalia Rent","url":"https:\/\/revalia.rent\/","logo":{"@type":"ImageObject","inLanguage":"fi","@id":"https:\/\/revalia.rent\/#\/schema\/logo\/image\/","url":"https:\/\/revalia.rent\/wp-content\/uploads\/2025\/04\/Revalia_Apartments_web-logo-3.png","contentUrl":"https:\/\/revalia.rent\/wp-content\/uploads\/2025\/04\/Revalia_Apartments_web-logo-3.png","width":399,"height":60,"caption":"Revalia Rent"},"image":{"@id":"https:\/\/revalia.rent\/#\/schema\/logo\/image\/"}}]}},"_links":{"self":[{"href":"https:\/\/revalia.rent\/fi\/wp-json\/wp\/v2\/pages\/1940","targetHints":{"allow":["GET"]}}],"collection":[{"href":"https:\/\/revalia.rent\/fi\/wp-json\/wp\/v2\/pages"}],"about":[{"href":"https:\/\/revalia.rent\/fi\/wp-json\/wp\/v2\/types\/page"}],"author":[{"embeddable":true,"href":"https:\/\/revalia.rent\/fi\/wp-json\/wp\/v2\/users\/3"}],"replies":[{"embeddable":true,"href":"https:\/\/revalia.rent\/fi\/wp-json\/wp\/v2\/comments?post=1940"}],"version-history":[{"count":2,"href":"https:\/\/revalia.rent\/fi\/wp-json\/wp\/v2\/pages\/1940\/revisions"}],"predecessor-version":[{"id":2028,"href":"https:\/\/revalia.rent\/fi\/wp-json\/wp\/v2\/pages\/1940\/revisions\/2028"}],"wp:attachment":[{"href":"https:\/\/revalia.rent\/fi\/wp-json\/wp\/v2\/media?parent=1940"}],"curies":[{"name":"wp","href":"https:\/\/api.w.org\/{rel}","templated":true}]}}